{"id":277,"date":"2018-01-12T07:50:11","date_gmt":"2018-01-12T07:50:11","guid":{"rendered":"http:\/\/demo.wenthemes.com\/surya-chandra-lite\/?page_id=5"},"modified":"2020-01-17T14:56:11","modified_gmt":"2020-01-17T13:56:11","slug":"home-v1","status":"publish","type":"page","link":"https:\/\/wobroniezwierzat.pl\/","title":{"rendered":"Strona g\u0142\u00f3wna"},"content":{"rendered":"<div id=\"pl-277\"  class=\"panel-layout\" ><div id=\"pg-277-0\"  class=\"panel-grid panel-has-style\" ><div class=\"siteorigin-panels-stretch panel-row-style-full-stretched background-overlay-enabled panel-row-style panel-row-style-for-277-0\" data-stretch-type=\"full-stretched\" ><div id=\"pgc-277-0-0\"  class=\"panel-grid-cell\" ><div id=\"panel-277-0-0-0\" class=\"so-panel widget widget_sow-hero panel-first-child panel-last-child\" data-index=\"0\" ><div data-siteorigin-parallax=\"{&quot;backgroundUrl&quot;:&quot;https:\\\/\\\/wobroniezwierzat.pl\\\/wp-content\\\/uploads\\\/2020\\\/01\\\/dog-scaled-e1579268515994.jpg&quot;,&quot;backgroundSize&quot;:[1920,1440],&quot;backgroundSizing&quot;:&quot;scaled&quot;,&quot;limitMotion&quot;:&quot;auto&quot;}\" class=\"panel-widget-style panel-widget-style-for-277-0-0-0\" ><div class=\"so-widget-sow-hero so-widget-sow-hero-default-7adc89c836c5-277 so-widget-fittext-wrapper\" data-fit-text-compressor=\"0.85\"><div class=\"sow-slider-base\" style=\"display: none\"><ul class=\"sow-slider-images\" data-settings=\"{&quot;pagination&quot;:true,&quot;speed&quot;:800,&quot;timeout&quot;:8000,&quot;paused&quot;:false,&quot;pause_on_hover&quot;:false,&quot;swipe&quot;:true,&quot;nav_always_show_desktop&quot;:&quot;&quot;,&quot;nav_always_show_mobile&quot;:&quot;&quot;,&quot;breakpoint&quot;:&quot;780px&quot;}\">\t\t<li class=\"sow-slider-image  sow-slider-image-cover\" style=\"background-color: #333333;background-image: url(https:\/\/wobroniezwierzat.pl\/wp-content\/uploads\/2020\/01\/dog-scaled-e1579268515994.jpg)\" >\n\t\t\t\t\t<div class=\"sow-slider-image-container\">\n\t\t\t<div class=\"sow-slider-image-wrapper\">\n\t\t\t\t<h1 style=\"text-align: left\"><strong>Pomagamy zwierz\u0119tom\n<\/strong><\/h1>\n<p style=\"text-align: left\">Szukamy dom\u00f3w dla ps\u00f3w i kot\u00f3w.<\/p>\n<div class=\"sow-hero-buttons\" style=\"text-align: left\"><div class=\"so-widget-sow-button so-widget-sow-button-flat-0aedc66a447e\"><div class=\"ow-button-base ow-button-align-center\">\n\t<a href=\"#\" class=\"ow-icon-placement-left ow-button-hover\" \t\t>\n\t\t<span>\n\t\t\t\n\t\t\tDowiedz si\u0119 wi\u0119cej\t\t<\/span>\n\t<\/a>\n<\/div>\n<\/div><\/div>\t\t\t<\/div>\n\t\t<\/div>\n\t\t\t\t<\/li>\n\t\t\t\t<li class=\"sow-slider-image  sow-slider-image-cover\" style=\"background-color: #333333;background-image: url(https:\/\/wobroniezwierzat.pl\/wp-content\/uploads\/2020\/01\/dog-scaled-e1579268515994.jpg)\" >\n\t\t\t\t\t<div class=\"sow-slider-image-container\">\n\t\t\t<div class=\"sow-slider-image-wrapper\">\n\t\t\t\t<h1 style=\"text-align: center\"><strong>Pomagamy zwierz\u0119tom<br \/>\n<\/strong><\/h1>\n<p style=\"text-align: center\">Szukamy dom\u00f3w dla ps\u00f3w i kot\u00f3w.<\/p>\n<div class=\"sow-hero-buttons\" style=\"text-align: center\"><div class=\"so-widget-sow-button so-widget-sow-button-flat-0aedc66a447e\"><div class=\"ow-button-base ow-button-align-center\">\n\t<a href=\"#\" class=\"ow-icon-placement-left ow-button-hover\" \t\t>\n\t\t<span>\n\t\t\t\n\t\t\tDowiedz si\u0119 wi\u0119cej\t\t<\/span>\n\t<\/a>\n<\/div>\n<\/div><\/div>\n\t\t\t<\/div>\n\t\t<\/div>\n\t\t\t\t<\/li>\n\t\t\t\t<li class=\"sow-slider-image  sow-slider-image-cover\" style=\"background-color: #333333;background-image: url(https:\/\/wobroniezwierzat.pl\/wp-content\/uploads\/2020\/01\/dog-scaled-e1579268515994.jpg)\" >\n\t\t\t\t\t<div class=\"sow-slider-image-container\">\n\t\t\t<div class=\"sow-slider-image-wrapper\">\n\t\t\t\t<h1 style=\"text-align: right\"><strong>Pomagamy zwierz\u0119tom<br \/>\n<\/strong><\/h1>\n<p style=\"text-align: right\">Szukamy dom\u00f3w dla ps\u00f3w i kot\u00f3w.<\/p>\n<div class=\"sow-hero-buttons\" style=\"text-align: right\"><div class=\"so-widget-sow-button so-widget-sow-button-flat-0aedc66a447e\"><div class=\"ow-button-base ow-button-align-center\">\n\t<a href=\"#\" class=\"ow-icon-placement-left ow-button-hover\" \t\t>\n\t\t<span>\n\t\t\t\n\t\t\tDowiedz si\u0119 wi\u0119cej\t\t<\/span>\n\t<\/a>\n<\/div>\n<\/div><\/div>\n\t\t\t<\/div>\n\t\t<\/div>\n\t\t\t\t<\/li>\n\t\t<\/ul>\t\t\t\t<ol class=\"sow-slider-pagination\">\n\t\t\t\t\t\t\t\t\t\t\t<li><a href=\"#\" data-goto=\"0\" aria-label=\"display slide 1\"><\/a><\/li>\n\t\t\t\t\t\t\t\t\t\t\t<li><a href=\"#\" data-goto=\"1\" aria-label=\"display slide 2\"><\/a><\/li>\n\t\t\t\t\t\t\t\t\t\t\t<li><a href=\"#\" data-goto=\"2\" aria-label=\"display slide 3\"><\/a><\/li>\n\t\t\t\t\t\t\t\t\t<\/ol>\n\n\t\t\t\t<div class=\"sow-slide-nav sow-slide-nav-next\">\n\t\t\t\t\t<a href=\"#\" data-goto=\"next\" aria-label=\"next slide\" data-action=\"next\">\n\t\t\t\t\t\t<em class=\"sow-sld-icon-ultra-thin-right\"><\/em>\n\t\t\t\t\t<\/a>\n\t\t\t\t<\/div>\n\n\t\t\t\t<div class=\"sow-slide-nav sow-slide-nav-prev\">\n\t\t\t\t\t<a href=\"#\" data-goto=\"previous\" aria-label=\"previous slide\" data-action=\"prev\">\n\t\t\t\t\t\t<em class=\"sow-sld-icon-ultra-thin-left\"><\/em>\n\t\t\t\t\t<\/a>\n\t\t\t\t<\/div>\n\t\t\t\t<\/div><\/div><\/div><\/div><\/div><\/div><\/div><div id=\"pg-277-1\"  class=\"panel-grid panel-has-style\" ><div class=\"siteorigin-panels-stretch panel-row-style-full-width panel-row-style panel-row-style-for-277-1\" data-stretch-type=\"full\" ><div id=\"pgc-277-1-0\"  class=\"panel-grid-cell\" ><div id=\"panel-277-1-0-0\" class=\"so-panel widget widget_sow-features panel-first-child panel-last-child\" data-index=\"1\" ><div class=\"so-widget-sow-features so-widget-sow-features-default-6ee2f2f67e27-277\">\n<div class=\"section-sow-features heading-center\">\n\n\t\t\t<h3 class=\"widget-title\">Nasze atuty<\/h3>\t\n\t\t\t<p class=\"widget-subtitle\">Zapoznaj si\u0119 z naszymi atutami i dowiedz si\u0119 dlaczego warto nas wspiera\u0107.<\/p>\n\t\n\t<div class=\"sow-features-list sow-features-responsive\">\n\n\t\t\t\t\t\n\t\t\t\t\n\t\t\t\t<div class=\"sow-features-feature sow-icon-container-position-top sow-features-feature-last-row\" style=\"width: 33.333%\">\n\t\t\t\t\t<div class=\"feature-wrapper\">\n\t\t\t\t\t\t\t\t\t\t\t\t<div class=\"sow-icon-container sow-container-none\"\n\t\t                    style=\"color: #ffffff; \"\n\t\t\t\t\t\t\ttitle=\"Finance\">\n\t\t\t\t\t\t\t<span class=\"sow-icon-elegantline\" data-sow-icon=\"&#xe016;\"\n\t\tstyle=\"font-size: 40px; color: #3281db\" ><\/span>\t\t\t\t\t\t<\/div>\n\t\t\t\t\t\t\n\t\t\t\t\t\t<div class=\"textwidget\">\n\t\t\t\t\t\t\t\t\t\t\t\t\t\t\t<h5>\n\t\t\t\t\t\t\t\t\t\t\t\t\t\t\t\t\t\tWiedza\t\t\t\t\t\t\t\t\t\t\t\t\t\t\t\t\t<\/h5>\n\t\t\t\t\t\t\t\n\t\t\t\t\t\t\t\t\t\t\t\t\t\t\t<p>Dysponujemy szeroko poj\u0119t\u0105 wiedz\u0105 na temat ochrony zwierz\u0105t.<\/p>\n\t\t\t\t\t\t\t\n\t\t\t\t\t\t\t\t\t\t\t\t\t<\/div>\n\t\t\t\t\t<\/div>\n\t\t\t\t<\/div>\n\n\t\t\t\n\t\t\t\t\n\t\t\t\t<div class=\"sow-features-feature sow-icon-container-position-top sow-features-feature-last-row\" style=\"width: 33.333%\">\n\t\t\t\t\t<div class=\"feature-wrapper\">\n\t\t\t\t\t\t\t\t\t\t\t\t<div class=\"sow-icon-container sow-container-none\"\n\t\t                    style=\"color: #ffffff; \"\n\t\t\t\t\t\t\ttitle=\"Do\u015bwiadczenie\">\n\t\t\t\t\t\t\t<span class=\"sow-icon-elegantline\" data-sow-icon=\"&#xe039;\"\n\t\tstyle=\"font-size: 40px; color: #f23434\" ><\/span>\t\t\t\t\t\t<\/div>\n\t\t\t\t\t\t\n\t\t\t\t\t\t<div class=\"textwidget\">\n\t\t\t\t\t\t\t\t\t\t\t\t\t\t\t<h5>\n\t\t\t\t\t\t\t\t\t\t\t\t\t\t\t\t\t\tDo\u015bwiadczenie\t\t\t\t\t\t\t\t\t\t\t\t\t\t\t\t\t<\/h5>\n\t\t\t\t\t\t\t\n\t\t\t\t\t\t\t\t\t\t\t\t\t\t\t<p>Proin gravida nibh vel velit auctor Proin gravida nibh vel velit auctor aliquet. Aenean sollicitudin<\/p>\n\t\t\t\t\t\t\t\n\t\t\t\t\t\t\t\t\t\t\t\t\t<\/div>\n\t\t\t\t\t<\/div>\n\t\t\t\t<\/div>\n\n\t\t\t\n\t\t\t\t\n\t\t\t\t<div class=\"sow-features-feature sow-icon-container-position-top sow-features-feature-last-row\" style=\"width: 33.333%\">\n\t\t\t\t\t<div class=\"feature-wrapper\">\n\t\t\t\t\t\t\t\t\t\t\t\t<div class=\"sow-icon-container sow-container-none\"\n\t\t                    style=\"color: #ffffff; \"\n\t\t\t\t\t\t\ttitle=\"Zaanga\u017cowanie\">\n\t\t\t\t\t\t\t<span class=\"sow-icon-elegantline\" data-sow-icon=\"&#xe040;\"\n\t\tstyle=\"font-size: 40px; color: #1695b3\" ><\/span>\t\t\t\t\t\t<\/div>\n\t\t\t\t\t\t\n\t\t\t\t\t\t<div class=\"textwidget\">\n\t\t\t\t\t\t\t\t\t\t\t\t\t\t\t<h5>\n\t\t\t\t\t\t\t\t\t\t\t\t\t\t\t\t\t\tZaanga\u017cowanie\t\t\t\t\t\t\t\t\t\t\t\t\t\t\t\t\t<\/h5>\n\t\t\t\t\t\t\t\n\t\t\t\t\t\t\t\t\t\t\t\t\t\t\t<p>Proin gravida nibh vel velit auctor Proin gravida nibh vel velit auctor aliquet. Aenean sollicitudin<\/p>\n\t\t\t\t\t\t\t\n\t\t\t\t\t\t\t\t\t\t\t\t\t<\/div>\n\t\t\t\t\t<\/div>\n\t\t\t\t<\/div>\n\n\t\t\t\t\t\n\t<\/div><!-- .sow-features-list -->\n\n<\/div><!-- .section-sow-features -->\n<\/div><\/div><\/div><\/div><\/div><div id=\"pg-277-2\"  class=\"panel-grid panel-has-style\" ><div class=\"siteorigin-panels-stretch panel-row-style-full-width panel-row-style panel-row-style-for-277-2\" data-stretch-type=\"full\" ><div id=\"pgc-277-2-0\"  class=\"panel-grid-cell\" ><div id=\"panel-277-2-0-0\" class=\"so-panel widget widget_surya-chandra-cta panel-first-child panel-last-child\" data-index=\"2\" ><div class=\"so-widget-surya-chandra-cta so-widget-surya-chandra-cta-default-a19e2470a9e5-277\">\n<div class=\"section section-call-to-action cta-layout-2\">\n\t<div class=\"call-to-action-inner-wrapper\">\n\t\t<div class=\"container\">\n\t\t<div class=\"before-shadow\"><\/div>\n\t\t\t<div class=\"call-to-action-content\">\n\t\t\t\t<div class=\"call-to-action-description\">\n\t\t\t\t\t\t\t\t\t\t\t<h2 class=\"cta-title\">Szukamy dom\u00f3w dla zwierzak\u00f3w<\/h2>\n\t\t\t\t\t\t\t\t\t\t\t\t\t\t\t\t<p>Zobacz aktualne zwierz\u0119ta do adopcji<\/p>\n\t\t\t\t\t\t\t\t\t<\/div><!-- .call-to-action-description -->\n\t\t\t\t<div class=\"call-to-action-buttons\">\n\t\t\t\t\t\t\t\t\t\t\t\t\t\t\t\t<a href=\"#\" class=\"custom-button custom-secondary-button\">Zobacz og\u0142oszenia<\/a>\n\t\t\t\t\t\t\t\t\t<\/div><!-- .call-to-action-buttons -->\n\t\t\t<\/div><!-- .call-to-action-content -->\n\t\t<div class=\"after-shadow\"><\/div>\n\t\t<\/div><!-- .container -->\n\t<\/div><!-- .call-to-action-inner-wrapper -->\n<\/div><!-- .section-call-to-action -->\n<\/div><\/div><\/div><\/div><\/div><div id=\"pg-277-3\"  class=\"panel-grid panel-has-style\" ><div class=\"siteorigin-panels-stretch panel-row-style-full-width panel-row-style panel-row-style-for-277-3\" data-stretch-type=\"full\" ><div id=\"pgc-277-3-0\"  class=\"panel-grid-cell\" ><div id=\"panel-277-3-0-0\" class=\"so-panel widget widget_surya-chandra-latest-news panel-first-child panel-last-child\" data-index=\"3\" ><div class=\"so-widget-surya-chandra-latest-news so-widget-surya-chandra-latest-news-default-d75171398898-277\">\n<aside class=\"section section-latest-news heading-center\">\n\n\t\t\t<h3 class=\"widget-title\">Najnowsze informacje<\/h3>\t\n\t\t\t<p class=\"widget-subtitle\">Zobacz informacje na temat wydarze\u0144 i organizowanych akcji<\/p>\n\t\n\t\n\t\t<div class=\"latest-news-section latest-news-col-3\">\n\t\t\t\t<div class=\"inner-wrapper\">\n\t\t\t\t\t\n\t\t\t\t\t\t<div class=\"latest-news-item latest-news-item-1\">\n\t\t\t\t\t\t\t<div class=\"latest-news-wrapper\">\n\t\t\t\t\t\t\t\t<div class=\"latest-news-thumb\">\n\t\t\t\t\t\t\t\t\t<a href=\"https:\/\/wobroniezwierzat.pl\/?p=465\">\n\t\t\t\t\t\t\t\t\t\t\t\t\t\t\t\t\t\t<\/a>\n\t\t\t\t\t\t\t\t<\/div><!-- .latest-news-thumb -->\n\t\t\t\t\t\t\t\t<div class=\"latest-news-text-content\">\n\t\t\t\t\t\t\t\t<div class=\"news-meta-wrapper\">\n\n\t\t\t\t\t\t\t\t\t<h3 class=\"latest-news-title\">\n\t\t\t\t\t\t\t\t\t\t<a href=\"https:\/\/wobroniezwierzat.pl\/?p=465\">Darmowa sterylizacja ps\u00f3w i kot\u00f3w 14-15.03.2020 &#8211; odwo\u0142ane<\/a>\n\t\t\t\t\t\t\t\t\t<\/h3>\n\t\t\t\t\t\t\t\t\t<div class=\"latest-news-meta\">\n\t\t\t\t\t\t\t\t\t\t<span class=\"posted-on\">18 lutego 2020<\/span>\n\t\t\t\t\t\t\t\t\t\t\t\t\t\t\t\t\t\t\t\t\t\t\t\t\t\t\t\t\t\t\t<span class=\"latest-news-category\"><a href=\"https:\/\/wobroniezwierzat.pl\/?cat=2\">Informacje<\/a><\/span>\n\t\t\t\t\t\t\t\t\t\t\t\t\t\t\t\t\t\t\t<\/div><!-- .latest-news-meta -->\n\t\t\t\t\t\t\t\t\t<\/div> <!-- .news-meta-wrapper -->\n\t\t\t\t\t\t\t\t\t\t\t\t\t\t\t\t\t\t\t<div class=\"latest-news-summary\">\n\t\t\t\t\t\t\t\t\t\t\t<p>W zwi\u0105zku z zaistnia\u0142\u0105 sytuacj\u0105 z wirusem, musimy prze\u0142o\u017cy\u0107 sterylizacj\u0119&hellip;<\/p>\n\t\t\t\t\t\t\t\t\t\t<\/div><!-- .latest-news-summary -->\n\t\t\t\t\t\t\t\t\t\n\t\t\t\t\t\t\t\t\t\t\t\t\t\t\t\t\t\t\t<a href=\"https:\/\/wobroniezwierzat.pl\/?p=465\" class=\"more-link\">Zobacz wi\u0119cej<\/a>\n\t\t\t\t\t\t\t\t\t\t\t\t\t\t\t\t\t<\/div><!-- .latest-news-text-content -->\n\t\t\t\t\t\t\t<\/div><!-- .latest-news-wrapper -->\n\t\t\t\t\t\t<\/div><!-- .latest-news-item  -->\n\n\t\t\t\t\t\n\t\t\t\t\t\t<div class=\"latest-news-item latest-news-item-1\">\n\t\t\t\t\t\t\t<div class=\"latest-news-wrapper\">\n\t\t\t\t\t\t\t\t<div class=\"latest-news-thumb\">\n\t\t\t\t\t\t\t\t\t<a href=\"https:\/\/wobroniezwierzat.pl\/?p=437\">\n\t\t\t\t\t\t\t\t\t\t\t\t\t\t\t\t\t\t<\/a>\n\t\t\t\t\t\t\t\t<\/div><!-- .latest-news-thumb -->\n\t\t\t\t\t\t\t\t<div class=\"latest-news-text-content\">\n\t\t\t\t\t\t\t\t<div class=\"news-meta-wrapper\">\n\n\t\t\t\t\t\t\t\t\t<h3 class=\"latest-news-title\">\n\t\t\t\t\t\t\t\t\t\t<a href=\"https:\/\/wobroniezwierzat.pl\/?p=437\">Darmowa Sterylizacja ps\u00f3w i kot\u00f3w 07.04.2019<\/a>\n\t\t\t\t\t\t\t\t\t<\/h3>\n\t\t\t\t\t\t\t\t\t<div class=\"latest-news-meta\">\n\t\t\t\t\t\t\t\t\t\t<span class=\"posted-on\">6 marca 2019<\/span>\n\t\t\t\t\t\t\t\t\t\t\t\t\t\t\t\t\t\t\t\t\t\t\t\t\t\t\t\t\t\t\t<span class=\"latest-news-category\"><a href=\"https:\/\/wobroniezwierzat.pl\/?cat=2\">Informacje<\/a><\/span>\n\t\t\t\t\t\t\t\t\t\t\t\t\t\t\t\t\t\t\t<\/div><!-- .latest-news-meta -->\n\t\t\t\t\t\t\t\t\t<\/div> <!-- .news-meta-wrapper -->\n\t\t\t\t\t\t\t\t\t\t\t\t\t\t\t\t\t\t\t<div class=\"latest-news-summary\">\n\t\t\t\t\t\t\t\t\t\t\t<p>W dniu 07.04.2019 na terenie Centrum Ogrodniczego Jucca w Tarnowie&hellip;<\/p>\n\t\t\t\t\t\t\t\t\t\t<\/div><!-- .latest-news-summary -->\n\t\t\t\t\t\t\t\t\t\n\t\t\t\t\t\t\t\t\t\t\t\t\t\t\t\t\t\t\t<a href=\"https:\/\/wobroniezwierzat.pl\/?p=437\" class=\"more-link\">Zobacz wi\u0119cej<\/a>\n\t\t\t\t\t\t\t\t\t\t\t\t\t\t\t\t\t<\/div><!-- .latest-news-text-content -->\n\t\t\t\t\t\t\t<\/div><!-- .latest-news-wrapper -->\n\t\t\t\t\t\t<\/div><!-- .latest-news-item  -->\n\n\t\t\t\t\t\n\t\t\t\t\t\t<div class=\"latest-news-item latest-news-item-1\">\n\t\t\t\t\t\t\t<div class=\"latest-news-wrapper\">\n\t\t\t\t\t\t\t\t<div class=\"latest-news-thumb\">\n\t\t\t\t\t\t\t\t\t<a href=\"https:\/\/wobroniezwierzat.pl\/?p=435\">\n\t\t\t\t\t\t\t\t\t\t\t\t\t\t\t\t\t\t<\/a>\n\t\t\t\t\t\t\t\t<\/div><!-- .latest-news-thumb -->\n\t\t\t\t\t\t\t\t<div class=\"latest-news-text-content\">\n\t\t\t\t\t\t\t\t<div class=\"news-meta-wrapper\">\n\n\t\t\t\t\t\t\t\t\t<h3 class=\"latest-news-title\">\n\t\t\t\t\t\t\t\t\t\t<a href=\"https:\/\/wobroniezwierzat.pl\/?p=435\">Interwencja luty 2019<\/a>\n\t\t\t\t\t\t\t\t\t<\/h3>\n\t\t\t\t\t\t\t\t\t<div class=\"latest-news-meta\">\n\t\t\t\t\t\t\t\t\t\t<span class=\"posted-on\">6 marca 2019<\/span>\n\t\t\t\t\t\t\t\t\t\t\t\t\t\t\t\t\t\t\t\t\t\t\t\t\t\t\t\t\t\t\t<span class=\"latest-news-category\"><a href=\"https:\/\/wobroniezwierzat.pl\/?cat=2\">Informacje<\/a><\/span>\n\t\t\t\t\t\t\t\t\t\t\t\t\t\t\t\t\t\t\t<\/div><!-- .latest-news-meta -->\n\t\t\t\t\t\t\t\t\t<\/div> <!-- .news-meta-wrapper -->\n\t\t\t\t\t\t\t\t\t\t\t\t\t\t\t\t\t\t\t<div class=\"latest-news-summary\">\n\t\t\t\t\t\t\t\t\t\t\t<p>W lutym 2019 r. wolontariuszki Fundacji \u201eW obronie zwierz\u0105t\u201d uda\u0142y&hellip;<\/p>\n\t\t\t\t\t\t\t\t\t\t<\/div><!-- .latest-news-summary -->\n\t\t\t\t\t\t\t\t\t\n\t\t\t\t\t\t\t\t\t\t\t\t\t\t\t\t\t\t\t<a href=\"https:\/\/wobroniezwierzat.pl\/?p=435\" class=\"more-link\">Zobacz wi\u0119cej<\/a>\n\t\t\t\t\t\t\t\t\t\t\t\t\t\t\t\t\t<\/div><!-- .latest-news-text-content -->\n\t\t\t\t\t\t\t<\/div><!-- .latest-news-wrapper -->\n\t\t\t\t\t\t<\/div><!-- .latest-news-item  -->\n\n\t\t\t\t\t\n\t\t\t\t\t\t\t\t\t\t\t<div class=\"more-wrapper\">\n\t\t\t\t\t\t\t<a href=\"http:\/\/wobroniezwierzat.pl\/?cat=2\" class=\"custom-button\">Wszystkie wiadomo\u015bci<\/a>\n\t\t\t\t\t\t<\/div><!-- .more-wrapper -->\n\t\t\t\t\t\t\t\t\t<\/div><!-- .inner-wrapper -->\n\t\t<\/div><!-- .latest-news-section -->\n\n\t\n<\/aside><!-- .section-latest-news -->\n<\/div><\/div><\/div><\/div><\/div><\/div>","protected":false},"excerpt":{"rendered":"","protected":false},"author":2,"featured_media":0,"parent":0,"menu_order":0,"comment_status":"closed","ping_status":"closed","template":"tpl-builders.php","meta":[],"_links":{"self":[{"href":"https:\/\/wobroniezwierzat.pl\/index.php?rest_route=\/wp\/v2\/pages\/277"}],"collection":[{"href":"https:\/\/wobroniezwierzat.pl\/index.php?rest_route=\/wp\/v2\/pages"}],"about":[{"href":"https:\/\/wobroniezwierzat.pl\/index.php?rest_route=\/wp\/v2\/types\/page"}],"author":[{"embeddable":true,"href":"https:\/\/wobroniezwierzat.pl\/index.php?rest_route=\/wp\/v2\/users\/2"}],"replies":[{"embeddable":true,"href":"https:\/\/wobroniezwierzat.pl\/index.php?rest_route=%2Fwp%2Fv2%2Fcomments&post=277"}],"version-history":[{"count":11,"href":"https:\/\/wobroniezwierzat.pl\/index.php?rest_route=\/wp\/v2\/pages\/277\/revisions"}],"predecessor-version":[{"id":458,"href":"https:\/\/wobroniezwierzat.pl\/index.php?rest_route=\/wp\/v2\/pages\/277\/revisions\/458"}],"wp:attachment":[{"href":"https:\/\/wobroniezwierzat.pl\/index.php?rest_route=%2Fwp%2Fv2%2Fmedia&parent=277"}],"curies":[{"name":"wp","href":"https:\/\/api.w.org\/{rel}","templated":true}]}}