{"id":280,"date":"2018-01-12T07:50:11","date_gmt":"2018-01-12T06:50:11","guid":{"rendered":"http:\/\/demo.wenthemes.com\/surya-chandra-lite\/?page_id=8"},"modified":"2018-11-28T11:49:18","modified_gmt":"2018-11-28T10:49:18","slug":"gallery","status":"publish","type":"page","link":"https:\/\/wobroniezwierzat.pl\/?page_id=280","title":{"rendered":"Galeria"},"content":{"rendered":"<div id=\"pl-280\"  class=\"panel-layout\" ><div id=\"pg-280-0\"  class=\"panel-grid panel-no-style\" ><div id=\"pgc-280-0-0\"  class=\"panel-grid-cell\" ><div id=\"panel-280-0-0-0\" class=\"so-panel widget widget_sow-editor panel-first-child\" data-index=\"0\" ><div class=\"so-widget-sow-editor so-widget-sow-editor-base\">\n<div class=\"siteorigin-widget-tinymce textwidget\">\n\t<p>W dniu 16.09.2018 r. odby\u0142a si\u0119 sterylizacja ps\u00f3w i kot\u00f3w. Akcja zorganizowana zosta\u0142a przez nasz\u0105 fundacj\u0119. P\u0142atnikiem by\u0142a gmina Tarnowo Podg\u00f3rne. W wyniku akcji sterylizacji\/kastracji zabiegom poddano:<\/p>\n<ul>\n<li>ps\u00f3w 6 szt.<\/li>\n<li>suczki 7 szt.<\/li>\n<li>kotki 25 szt.<\/li>\n<li>kocury 18 szt.<\/li>\n<\/ul>\n<p>Opr\u00f3cz tego psom i suczkom zosta\u0142y wszczepione chipy w ilo\u015bci 12 szt.<\/p>\n<\/div>\n<\/div><\/div><div id=\"panel-280-0-0-1\" class=\"so-panel widget widget_media_gallery\" data-index=\"1\" ><h3 class=\"widget-title\">16.09.2018<\/h3><div id='gallery-1' class='gallery galleryid-0 gallery-columns-5 gallery-size-large'><figure class='gallery-item'>\n\t\t\t<div class='gallery-icon landscape'>\n\t\t\t\t<a href='https:\/\/wobroniezwierzat.pl\/wp-content\/uploads\/2018\/11\/IMG_0162.jpg'><img width=\"640\" height=\"480\" src=\"https:\/\/wobroniezwierzat.pl\/wp-content\/uploads\/2018\/11\/IMG_0162-1024x768.jpg\" class=\"attachment-large size-large\" alt=\"\" loading=\"lazy\" srcset=\"https:\/\/wobroniezwierzat.pl\/wp-content\/uploads\/2018\/11\/IMG_0162-1024x768.jpg 1024w, https:\/\/wobroniezwierzat.pl\/wp-content\/uploads\/2018\/11\/IMG_0162-300x225.jpg 300w, https:\/\/wobroniezwierzat.pl\/wp-content\/uploads\/2018\/11\/IMG_0162-768x576.jpg 768w, https:\/\/wobroniezwierzat.pl\/wp-content\/uploads\/2018\/11\/IMG_0162.jpg 1280w\" sizes=\"(max-width: 640px) 100vw, 640px\" \/><\/a>\n\t\t\t<\/div><\/figure><figure class='gallery-item'>\n\t\t\t<div class='gallery-icon landscape'>\n\t\t\t\t<a href='https:\/\/wobroniezwierzat.pl\/wp-content\/uploads\/2018\/11\/IMG_0165.jpg'><img width=\"640\" height=\"480\" src=\"https:\/\/wobroniezwierzat.pl\/wp-content\/uploads\/2018\/11\/IMG_0165-1024x768.jpg\" class=\"attachment-large size-large\" alt=\"\" loading=\"lazy\" srcset=\"https:\/\/wobroniezwierzat.pl\/wp-content\/uploads\/2018\/11\/IMG_0165-1024x768.jpg 1024w, https:\/\/wobroniezwierzat.pl\/wp-content\/uploads\/2018\/11\/IMG_0165-300x225.jpg 300w, https:\/\/wobroniezwierzat.pl\/wp-content\/uploads\/2018\/11\/IMG_0165-768x576.jpg 768w, https:\/\/wobroniezwierzat.pl\/wp-content\/uploads\/2018\/11\/IMG_0165.jpg 1280w\" sizes=\"(max-width: 640px) 100vw, 640px\" \/><\/a>\n\t\t\t<\/div><\/figure><figure class='gallery-item'>\n\t\t\t<div class='gallery-icon landscape'>\n\t\t\t\t<a href='https:\/\/wobroniezwierzat.pl\/wp-content\/uploads\/2018\/11\/IMG_0172.jpg'><img width=\"640\" height=\"480\" src=\"https:\/\/wobroniezwierzat.pl\/wp-content\/uploads\/2018\/11\/IMG_0172-1024x768.jpg\" class=\"attachment-large size-large\" alt=\"\" loading=\"lazy\" srcset=\"https:\/\/wobroniezwierzat.pl\/wp-content\/uploads\/2018\/11\/IMG_0172-1024x768.jpg 1024w, https:\/\/wobroniezwierzat.pl\/wp-content\/uploads\/2018\/11\/IMG_0172-300x225.jpg 300w, https:\/\/wobroniezwierzat.pl\/wp-content\/uploads\/2018\/11\/IMG_0172-768x576.jpg 768w, https:\/\/wobroniezwierzat.pl\/wp-content\/uploads\/2018\/11\/IMG_0172.jpg 1280w\" sizes=\"(max-width: 640px) 100vw, 640px\" \/><\/a>\n\t\t\t<\/div><\/figure><figure class='gallery-item'>\n\t\t\t<div class='gallery-icon landscape'>\n\t\t\t\t<a href='https:\/\/wobroniezwierzat.pl\/wp-content\/uploads\/2018\/11\/IMG_0179.jpg'><img width=\"640\" height=\"480\" src=\"https:\/\/wobroniezwierzat.pl\/wp-content\/uploads\/2018\/11\/IMG_0179-1024x768.jpg\" class=\"attachment-large size-large\" alt=\"\" loading=\"lazy\" srcset=\"https:\/\/wobroniezwierzat.pl\/wp-content\/uploads\/2018\/11\/IMG_0179-1024x768.jpg 1024w, https:\/\/wobroniezwierzat.pl\/wp-content\/uploads\/2018\/11\/IMG_0179-300x225.jpg 300w, https:\/\/wobroniezwierzat.pl\/wp-content\/uploads\/2018\/11\/IMG_0179-768x576.jpg 768w, https:\/\/wobroniezwierzat.pl\/wp-content\/uploads\/2018\/11\/IMG_0179.jpg 1280w\" sizes=\"(max-width: 640px) 100vw, 640px\" \/><\/a>\n\t\t\t<\/div><\/figure><figure class='gallery-item'>\n\t\t\t<div class='gallery-icon landscape'>\n\t\t\t\t<a href='https:\/\/wobroniezwierzat.pl\/wp-content\/uploads\/2018\/11\/IMG_0183.jpg'><img width=\"640\" height=\"480\" src=\"https:\/\/wobroniezwierzat.pl\/wp-content\/uploads\/2018\/11\/IMG_0183-1024x768.jpg\" class=\"attachment-large size-large\" alt=\"\" loading=\"lazy\" srcset=\"https:\/\/wobroniezwierzat.pl\/wp-content\/uploads\/2018\/11\/IMG_0183-1024x768.jpg 1024w, https:\/\/wobroniezwierzat.pl\/wp-content\/uploads\/2018\/11\/IMG_0183-300x225.jpg 300w, https:\/\/wobroniezwierzat.pl\/wp-content\/uploads\/2018\/11\/IMG_0183-768x576.jpg 768w, https:\/\/wobroniezwierzat.pl\/wp-content\/uploads\/2018\/11\/IMG_0183.jpg 1280w\" sizes=\"(max-width: 640px) 100vw, 640px\" \/><\/a>\n\t\t\t<\/div><\/figure><figure class='gallery-item'>\n\t\t\t<div class='gallery-icon landscape'>\n\t\t\t\t<a href='https:\/\/wobroniezwierzat.pl\/wp-content\/uploads\/2018\/11\/IMG_0197.jpg'><img width=\"640\" height=\"480\" src=\"https:\/\/wobroniezwierzat.pl\/wp-content\/uploads\/2018\/11\/IMG_0197-1024x768.jpg\" class=\"attachment-large size-large\" alt=\"\" loading=\"lazy\" srcset=\"https:\/\/wobroniezwierzat.pl\/wp-content\/uploads\/2018\/11\/IMG_0197-1024x768.jpg 1024w, https:\/\/wobroniezwierzat.pl\/wp-content\/uploads\/2018\/11\/IMG_0197-300x225.jpg 300w, https:\/\/wobroniezwierzat.pl\/wp-content\/uploads\/2018\/11\/IMG_0197-768x576.jpg 768w, https:\/\/wobroniezwierzat.pl\/wp-content\/uploads\/2018\/11\/IMG_0197.jpg 1280w\" sizes=\"(max-width: 640px) 100vw, 640px\" \/><\/a>\n\t\t\t<\/div><\/figure><figure class='gallery-item'>\n\t\t\t<div class='gallery-icon landscape'>\n\t\t\t\t<a href='https:\/\/wobroniezwierzat.pl\/wp-content\/uploads\/2018\/11\/IMG_0205.jpg'><img width=\"640\" height=\"480\" src=\"https:\/\/wobroniezwierzat.pl\/wp-content\/uploads\/2018\/11\/IMG_0205-1024x768.jpg\" class=\"attachment-large size-large\" alt=\"\" loading=\"lazy\" srcset=\"https:\/\/wobroniezwierzat.pl\/wp-content\/uploads\/2018\/11\/IMG_0205-1024x768.jpg 1024w, https:\/\/wobroniezwierzat.pl\/wp-content\/uploads\/2018\/11\/IMG_0205-300x225.jpg 300w, https:\/\/wobroniezwierzat.pl\/wp-content\/uploads\/2018\/11\/IMG_0205-768x576.jpg 768w, https:\/\/wobroniezwierzat.pl\/wp-content\/uploads\/2018\/11\/IMG_0205.jpg 1280w\" sizes=\"(max-width: 640px) 100vw, 640px\" \/><\/a>\n\t\t\t<\/div><\/figure>\n\t\t<\/div>\n<\/div><div id=\"panel-280-0-0-2\" class=\"so-panel widget widget_sow-editor\" data-index=\"2\" ><div class=\"so-widget-sow-editor so-widget-sow-editor-base\">\n<div class=\"siteorigin-widget-tinymce textwidget\">\n\t<p>W dniu 28.10.2018 r. przeprowadzono sterylizacj\u0119, w wyniku kt\u00f3rej zabiegom poddano:<\/p>\n<ul>\n<li>ps\u00f3w 5 szt.<\/li>\n<li>suczki 12 szt.<\/li>\n<li>kotki 19 szt.<\/li>\n<li>kocury 16 szt.<\/li>\n<\/ul>\n<p>Opr\u00f3cz tego zosta\u0142y wszczepione chipy w ilo\u015bci 16 sztuk. W trakcie akcji przeprowadzono pokaz udzielania pierwszej pomocy zwierz\u0119tom.<\/p>\n<\/div>\n<\/div><\/div><div id=\"panel-280-0-0-3\" class=\"so-panel widget widget_media_gallery panel-last-child\" data-index=\"3\" ><h3 class=\"widget-title\">28.10.2018<\/h3><div id='gallery-2' class='gallery galleryid-0 gallery-columns-5 gallery-size-full'><figure class='gallery-item'>\n\t\t\t<div class='gallery-icon landscape'>\n\t\t\t\t<a href='https:\/\/wobroniezwierzat.pl\/wp-content\/uploads\/2018\/11\/IMG_0246.jpg'><img width=\"1280\" height=\"960\" src=\"https:\/\/wobroniezwierzat.pl\/wp-content\/uploads\/2018\/11\/IMG_0246.jpg\" class=\"attachment-full size-full\" alt=\"\" loading=\"lazy\" srcset=\"https:\/\/wobroniezwierzat.pl\/wp-content\/uploads\/2018\/11\/IMG_0246.jpg 1280w, https:\/\/wobroniezwierzat.pl\/wp-content\/uploads\/2018\/11\/IMG_0246-300x225.jpg 300w, https:\/\/wobroniezwierzat.pl\/wp-content\/uploads\/2018\/11\/IMG_0246-768x576.jpg 768w, https:\/\/wobroniezwierzat.pl\/wp-content\/uploads\/2018\/11\/IMG_0246-1024x768.jpg 1024w\" sizes=\"(max-width: 1280px) 100vw, 1280px\" \/><\/a>\n\t\t\t<\/div><\/figure><figure class='gallery-item'>\n\t\t\t<div class='gallery-icon landscape'>\n\t\t\t\t<a href='https:\/\/wobroniezwierzat.pl\/wp-content\/uploads\/2018\/11\/IMG_0247.jpg'><img width=\"1280\" height=\"960\" src=\"https:\/\/wobroniezwierzat.pl\/wp-content\/uploads\/2018\/11\/IMG_0247.jpg\" class=\"attachment-full size-full\" alt=\"\" loading=\"lazy\" srcset=\"https:\/\/wobroniezwierzat.pl\/wp-content\/uploads\/2018\/11\/IMG_0247.jpg 1280w, https:\/\/wobroniezwierzat.pl\/wp-content\/uploads\/2018\/11\/IMG_0247-300x225.jpg 300w, https:\/\/wobroniezwierzat.pl\/wp-content\/uploads\/2018\/11\/IMG_0247-768x576.jpg 768w, https:\/\/wobroniezwierzat.pl\/wp-content\/uploads\/2018\/11\/IMG_0247-1024x768.jpg 1024w\" sizes=\"(max-width: 1280px) 100vw, 1280px\" \/><\/a>\n\t\t\t<\/div><\/figure><figure class='gallery-item'>\n\t\t\t<div class='gallery-icon landscape'>\n\t\t\t\t<a href='https:\/\/wobroniezwierzat.pl\/wp-content\/uploads\/2018\/11\/IMG_0248.jpg'><img width=\"1280\" height=\"960\" src=\"https:\/\/wobroniezwierzat.pl\/wp-content\/uploads\/2018\/11\/IMG_0248.jpg\" class=\"attachment-full size-full\" alt=\"\" loading=\"lazy\" srcset=\"https:\/\/wobroniezwierzat.pl\/wp-content\/uploads\/2018\/11\/IMG_0248.jpg 1280w, https:\/\/wobroniezwierzat.pl\/wp-content\/uploads\/2018\/11\/IMG_0248-300x225.jpg 300w, https:\/\/wobroniezwierzat.pl\/wp-content\/uploads\/2018\/11\/IMG_0248-768x576.jpg 768w, https:\/\/wobroniezwierzat.pl\/wp-content\/uploads\/2018\/11\/IMG_0248-1024x768.jpg 1024w\" sizes=\"(max-width: 1280px) 100vw, 1280px\" \/><\/a>\n\t\t\t<\/div><\/figure><figure class='gallery-item'>\n\t\t\t<div class='gallery-icon landscape'>\n\t\t\t\t<a href='https:\/\/wobroniezwierzat.pl\/wp-content\/uploads\/2018\/11\/IMG_0249.jpg'><img width=\"1280\" height=\"960\" src=\"https:\/\/wobroniezwierzat.pl\/wp-content\/uploads\/2018\/11\/IMG_0249.jpg\" class=\"attachment-full size-full\" alt=\"\" loading=\"lazy\" srcset=\"https:\/\/wobroniezwierzat.pl\/wp-content\/uploads\/2018\/11\/IMG_0249.jpg 1280w, https:\/\/wobroniezwierzat.pl\/wp-content\/uploads\/2018\/11\/IMG_0249-300x225.jpg 300w, https:\/\/wobroniezwierzat.pl\/wp-content\/uploads\/2018\/11\/IMG_0249-768x576.jpg 768w, https:\/\/wobroniezwierzat.pl\/wp-content\/uploads\/2018\/11\/IMG_0249-1024x768.jpg 1024w\" sizes=\"(max-width: 1280px) 100vw, 1280px\" \/><\/a>\n\t\t\t<\/div><\/figure><figure class='gallery-item'>\n\t\t\t<div class='gallery-icon landscape'>\n\t\t\t\t<a href='https:\/\/wobroniezwierzat.pl\/wp-content\/uploads\/2018\/11\/IMG_0262.jpg'><img width=\"1280\" height=\"960\" src=\"https:\/\/wobroniezwierzat.pl\/wp-content\/uploads\/2018\/11\/IMG_0262.jpg\" class=\"attachment-full size-full\" alt=\"\" loading=\"lazy\" srcset=\"https:\/\/wobroniezwierzat.pl\/wp-content\/uploads\/2018\/11\/IMG_0262.jpg 1280w, https:\/\/wobroniezwierzat.pl\/wp-content\/uploads\/2018\/11\/IMG_0262-300x225.jpg 300w, https:\/\/wobroniezwierzat.pl\/wp-content\/uploads\/2018\/11\/IMG_0262-768x576.jpg 768w, https:\/\/wobroniezwierzat.pl\/wp-content\/uploads\/2018\/11\/IMG_0262-1024x768.jpg 1024w\" sizes=\"(max-width: 1280px) 100vw, 1280px\" \/><\/a>\n\t\t\t<\/div><\/figure><figure class='gallery-item'>\n\t\t\t<div class='gallery-icon landscape'>\n\t\t\t\t<a href='https:\/\/wobroniezwierzat.pl\/wp-content\/uploads\/2018\/11\/IMG_0268.jpg'><img width=\"1280\" height=\"960\" src=\"https:\/\/wobroniezwierzat.pl\/wp-content\/uploads\/2018\/11\/IMG_0268.jpg\" class=\"attachment-full size-full\" alt=\"\" loading=\"lazy\" srcset=\"https:\/\/wobroniezwierzat.pl\/wp-content\/uploads\/2018\/11\/IMG_0268.jpg 1280w, https:\/\/wobroniezwierzat.pl\/wp-content\/uploads\/2018\/11\/IMG_0268-300x225.jpg 300w, https:\/\/wobroniezwierzat.pl\/wp-content\/uploads\/2018\/11\/IMG_0268-768x576.jpg 768w, https:\/\/wobroniezwierzat.pl\/wp-content\/uploads\/2018\/11\/IMG_0268-1024x768.jpg 1024w\" sizes=\"(max-width: 1280px) 100vw, 1280px\" \/><\/a>\n\t\t\t<\/div><\/figure><figure class='gallery-item'>\n\t\t\t<div class='gallery-icon landscape'>\n\t\t\t\t<a href='https:\/\/wobroniezwierzat.pl\/wp-content\/uploads\/2018\/11\/IMG_0283.jpg'><img width=\"1280\" height=\"960\" src=\"https:\/\/wobroniezwierzat.pl\/wp-content\/uploads\/2018\/11\/IMG_0283.jpg\" class=\"attachment-full size-full\" alt=\"\" loading=\"lazy\" srcset=\"https:\/\/wobroniezwierzat.pl\/wp-content\/uploads\/2018\/11\/IMG_0283.jpg 1280w, https:\/\/wobroniezwierzat.pl\/wp-content\/uploads\/2018\/11\/IMG_0283-300x225.jpg 300w, https:\/\/wobroniezwierzat.pl\/wp-content\/uploads\/2018\/11\/IMG_0283-768x576.jpg 768w, https:\/\/wobroniezwierzat.pl\/wp-content\/uploads\/2018\/11\/IMG_0283-1024x768.jpg 1024w\" sizes=\"(max-width: 1280px) 100vw, 1280px\" \/><\/a>\n\t\t\t<\/div><\/figure>\n\t\t<\/div>\n<\/div><\/div><\/div><div id=\"pg-280-1\"  class=\"panel-grid panel-has-style\" ><div class=\"siteorigin-panels-stretch panel-row-style-full-width panel-row-style panel-row-style-for-280-1\" data-stretch-type=\"full\" ><div id=\"pgc-280-1-0\"  class=\"panel-grid-cell panel-grid-cell-empty\" ><\/div><\/div><\/div><\/div>","protected":false},"excerpt":{"rendered":"<p>W dniu 16.09.2018 r. odby\u0142a si\u0119 sterylizacja ps\u00f3w i kot\u00f3w. Akcja zorganizowana zosta\u0142a przez nasz\u0105 fundacj\u0119. P\u0142atnikiem by\u0142a gmina Tarnowo Podg\u00f3rne. W wyniku akcji sterylizacji\/kastracji zabiegom poddano: ps\u00f3w 6 szt. suczki 7 szt. kotki 25 szt. kocury 18 szt. Opr\u00f3cz <a href=\"https:\/\/wobroniezwierzat.pl\/?page_id=280\" class=\"more-link\">Czytaj wi\u0119cej<\/a><\/p>\n","protected":false},"author":2,"featured_media":0,"parent":0,"menu_order":0,"comment_status":"closed","ping_status":"closed","template":"tpl-full-width.php","meta":[],"_links":{"self":[{"href":"https:\/\/wobroniezwierzat.pl\/index.php?rest_route=\/wp\/v2\/pages\/280"}],"collection":[{"href":"https:\/\/wobroniezwierzat.pl\/index.php?rest_route=\/wp\/v2\/pages"}],"about":[{"href":"https:\/\/wobroniezwierzat.pl\/index.php?rest_route=\/wp\/v2\/types\/page"}],"author":[{"embeddable":true,"href":"https:\/\/wobroniezwierzat.pl\/index.php?rest_route=\/wp\/v2\/users\/2"}],"replies":[{"embeddable":true,"href":"https:\/\/wobroniezwierzat.pl\/index.php?rest_route=%2Fwp%2Fv2%2Fcomments&post=280"}],"version-history":[{"count":17,"href":"https:\/\/wobroniezwierzat.pl\/index.php?rest_route=\/wp\/v2\/pages\/280\/revisions"}],"predecessor-version":[{"id":403,"href":"https:\/\/wobroniezwierzat.pl\/index.php?rest_route=\/wp\/v2\/pages\/280\/revisions\/403"}],"wp:attachment":[{"href":"https:\/\/wobroniezwierzat.pl\/index.php?rest_route=%2Fwp%2Fv2%2Fmedia&parent=280"}],"curies":[{"name":"wp","href":"https:\/\/api.w.org\/{rel}","templated":true}]}}