{"id":281,"date":"2018-01-12T07:50:11","date_gmt":"2018-01-12T06:50:11","guid":{"rendered":"http:\/\/demo.wenthemes.com\/surya-chandra-lite\/?page_id=10"},"modified":"2018-11-28T10:10:20","modified_gmt":"2018-11-28T09:10:20","slug":"typography","status":"publish","type":"page","link":"https:\/\/wobroniezwierzat.pl\/?page_id=281","title":{"rendered":"O fundacji"},"content":{"rendered":"<div id=\"pl-281\"  class=\"panel-layout\" ><div id=\"pg-281-0\"  class=\"panel-grid panel-no-style\" ><div id=\"pgc-281-0-0\"  class=\"panel-grid-cell\" ><div id=\"panel-281-0-0-0\" class=\"so-panel widget widget_sow-editor panel-first-child panel-last-child\" data-index=\"0\" ><div class=\"so-widget-sow-editor so-widget-sow-editor-base\">\n<div class=\"siteorigin-widget-tinymce textwidget\">\n\t<h2 style=\"text-align: center;\">Fundacja<\/h2>\n<p>Wg.najwi\u0119kszego filozofa naszych czas\u00f3w Immanuela Kanta \u201e MO\u017bEMY CZ\u0141OWIEKA OCENI\u0106 PO TYM JAK TRAKTUJEMY ZWIERZ\u0118TA\u201d<\/p>\n<p>Kieruj\u0105c si\u0119 tym przes\u0142aniem postanowili\u015bmy za\u0142o\u017cy\u0107 FUNDACJ\u0118 W OBRONIE ZWIERZ\u0104T. Fundacja zosta\u0142a ustanowiona przez Mari\u0119 El\u017cbiet\u0119 Mencfeld, Ann\u0119 Mari\u0119 Wilsk\u0105 oraz Kazimierza Trybusa w dn.18.12.2017 roku z siedzib\u0105 w Tarnowie Podg\u00f3rnym ul. Pozna\u0144ska 161.<\/p>\n<p>Celem fundacji jest ochron zwierz\u0105t w tym:<\/p>\n<p>dzia\u0142anie na rzecz humanitarnego traktowania zwierz\u0105t, w szczeg\u00f3lno\u015bci poprzez organizowanie i prowadzenie edukacji prozwierz\u0119cej, prozwierz\u0119cy lobbing, wsp\u00f3\u0142prac\u0119 z instytucjami propaguj\u0105cymi humanitarne traktowanie zwierz\u0105t;<br \/>\nniesienie pomocy zwierz\u0119tom skrzywdzonym i porzuconym, w szczeg\u00f3lno\u015bci poprzez umieszczanie ich w schroniskach, udzielanie pomocy plac\u00f3wkom i osobom fizycznym s\u0142u\u017c\u0105cym zwierz\u0119tom bezdomnym, wsp\u00f3\u0142prac\u0119 z plac\u00f3wkami i osobami fizycznymi nios\u0105cymi pomoc zwierz\u0119tom bezdomnym, dzia\u0142alno\u015b\u0107 adopcyjn\u0105 (znajdowanie zwierz\u0119tom nowych opiekun\u00f3w);<br \/>\nwszelkie dzia\u0142ania w zakresie zwalczania zjawiska bezdomno\u015bci zwierz\u0105t, w szczeg\u00f3lno\u015bci poprzez propagowanie wiedzy o sposobach ograniczania populacji zwierz\u0105t oraz realizacj\u0119 programu sterylizacji i kastracji;<br \/>\nzwalczanie przejaw\u00f3w zn\u0119cania si\u0119 nad zwierz\u0119tami.<\/p>\n<h2 style=\"text-align: center;\">Historia<\/h2>\n<p>Udokumentowane pocz\u0105tki dzia\u0142alno\u015bci na rzecz zwierz\u0105t tj. sterylizacje\/kastracje ps\u00f3w i kot\u00f3w organizowa\u0142a Pani Maria Mencfeld i Brigitte Eschenbrucher na terenie schroniska Przybor\u00f3wko pocz\u0105wszy od 2015 roku.I tak w 2015 roku odby\u0142o si\u0119 6 akcji , w wyniku kt\u00f3rych zabiegom poddano 63 suczki, 32 psy, 96 kotk\u00f3w i 35 kocur\u00f3w. P\u0142atnikiem tych zabieg\u00f3w by\u0142a Pani Maria Mencfeld.<\/p>\n<p>W schronisku Przybor\u00f3wko odby\u0142y si\u0119 jeszcze dwie akcje sterylizacji i kastracji w 2016 roku, w wyniku kt\u00f3rych zabiegom poddano 32 suczki, 12 ps\u00f3w, 18 kotek i 19 kocur\u00f3w.<\/p>\n<p>W 2016 roku rozpocz\u0119to akcje sterylizacji\/kastracji w Tarnowie Podg\u00f3rnym. Odby\u0142y si\u0119 2 akcje, w wyniku kt\u00f3rych zabiegom poddano 13 suczek, 22 psy, 30 kotek i 10 kocur\u00f3w. P\u0142atnikiem by\u0142a Pani Mencfeld. Akcje sterylizacji\/kastracji odbywa\u0142y si\u0119 na terenie Jucci w Tarnowie Podg\u00f3rnym.<\/p>\n<p>W 2017 roku, w wyniku dzia\u0142a\u0144 Pani Mencfeld wraz z przyjaci\u00f3\u0142mi nawi\u0105zano wsp\u00f3\u0142prac\u0119 z Gmin\u0105 Tarnowo Podg\u00f3rne, kt\u00f3ra rozpocz\u0119\u0142a finansowanie akcji sterylizacji\/ kastracji zwierz\u0105t z gminy Tarnowo Podg\u00f3rne.<\/p>\n<p>I tak w 2017 roku odby\u0142y si\u0119 dwie akcje sterylizacji na parkingu Jucci, gdzie zabiegom poddano 27 suczek, 19 ps\u00f3w, 35 kotek i 14 kocur\u00f3w.<br \/>\nOrganizatorem tych akcji by\u0142o Ko\u0142o przyjaci\u00f3\u0142 zwierz\u0105t.<br \/>\nPonadto przeprowadzono jedn\u0105 akcj\u0119 w Prze\u017amierowie, gdzie zabiegom poddano 10 suczek, 16 ps\u00f3w, 11 kotek i 6 kocur\u00f3w.<\/p>\n<p>W 2018 roku powsta\u0142a Fundacja w obronie zwierz\u0105t, kt\u00f3ra zorganizowa\u0142a cztery akcje sterylizacji\/kastracji. W wyniku tych akcji przerowadzono 151 zabieg\u00f3w z czego zabiegom poddano 25 suczek, 13 ps\u00f3w, 66 kotek i 47 kocur\u00f3w. P\u0142atnikiem by\u0142a gmina Tarnowo Podg\u00f3rne.<\/p>\n<p>Ponadto zg\u0142osili si\u0119 mieszka\u0144cy gmin o\u015bciennych, kt\u00f3rym r\u00f3wnie\u017c umo\u017cliwiono bezp\u0142atnie zabiegi. P\u0142atnikiem by\u0142a nasza fundacja.<br \/>\nZabiegom poddano 8 suczek, 4 psy, 11 kotek oraz 3 kocury.<\/p>\n<p>W przypadku du\u017cego zainteresowania planujemy jeszcze zrobi\u0107 w tym roku jedn\u0105 akcj\u0119 sterylizacji i kastracji 28 pa\u017adziernika br.<\/p>\n<p>Pragniemy r\u00f3wnie\u017c podkre\u015bli\u0107, \u017ce wszystkie suczki i psy kt\u00f3re nie posiada\u0142y czipa zosta\u0142y zaczipowane. P\u0142atnikiem czipowania by\u0142a r\u00f3wnie\u017c gmina, a tych spoza gminy nasza fundacja.<\/p>\n<p>Wszystkie zabiegi odbywa\u0142y si\u0119 w sterylobusie. Zabiegi przeprowadza\u0142 lek.wet. Daniel Figiel.<\/p>\n<p>W 2015 r. wykonano 226 szt. zabieg\u00f3w \u2013 Przybor\u00f3wko<br \/>\nW 2016 r. wykonano 81 szt. zabieg\u00f3w \u2013 Przybor\u00f3wko<br \/>\nW 2016 r. wykonano 75 szt. zabieg\u00f3w \u2013 Tarnowo Podg\u00f3rne<br \/>\nW 2017 r. wykonano 95 szt. zabieg\u00f3w \u2013 Tarnowo Podg\u00f3rne<br \/>\nW 2017 r. wykonano 43 szt. zabieg\u00f3w \u2013 Prze\u017amierowo<br \/>\nW 2018 r. wykonano 151 szt. zabieg\u00f3w \u2013 Tarnowo Podg\u00f3rne<br \/>\nW 2018 r. wykonano 26 szt. zabieg\u00f3w \u2013 spoza gminy Tarnowo Podg.<br \/>\n\u0141\u0105cznie w okresie od 2015 do 05.10.2018 wykonano 697 szt. zabieg\u00f3w<\/p>\n<\/div>\n<\/div><\/div><\/div><\/div><\/div>","protected":false},"excerpt":{"rendered":"<p>Fundacja Wg.najwi\u0119kszego filozofa naszych czas\u00f3w Immanuela Kanta \u201e MO\u017bEMY CZ\u0141OWIEKA OCENI\u0106 PO TYM JAK TRAKTUJEMY ZWIERZ\u0118TA\u201d Kieruj\u0105c si\u0119 tym przes\u0142aniem postanowili\u015bmy za\u0142o\u017cy\u0107 FUNDACJ\u0118 W OBRONIE ZWIERZ\u0104T. Fundacja zosta\u0142a ustanowiona przez Mari\u0119 El\u017cbiet\u0119 Mencfeld, Ann\u0119 Mari\u0119 Wilsk\u0105 oraz Kazimierza Trybusa w <a href=\"https:\/\/wobroniezwierzat.pl\/?page_id=281\" class=\"more-link\">Czytaj wi\u0119cej<\/a><\/p>\n","protected":false},"author":2,"featured_media":0,"parent":0,"menu_order":0,"comment_status":"closed","ping_status":"closed","template":"tpl-full-width.php","meta":[],"_links":{"self":[{"href":"https:\/\/wobroniezwierzat.pl\/index.php?rest_route=\/wp\/v2\/pages\/281"}],"collection":[{"href":"https:\/\/wobroniezwierzat.pl\/index.php?rest_route=\/wp\/v2\/pages"}],"about":[{"href":"https:\/\/wobroniezwierzat.pl\/index.php?rest_route=\/wp\/v2\/types\/page"}],"author":[{"embeddable":true,"href":"https:\/\/wobroniezwierzat.pl\/index.php?rest_route=\/wp\/v2\/users\/2"}],"replies":[{"embeddable":true,"href":"https:\/\/wobroniezwierzat.pl\/index.php?rest_route=%2Fwp%2Fv2%2Fcomments&post=281"}],"version-history":[{"count":13,"href":"https:\/\/wobroniezwierzat.pl\/index.php?rest_route=\/wp\/v2\/pages\/281\/revisions"}],"predecessor-version":[{"id":370,"href":"https:\/\/wobroniezwierzat.pl\/index.php?rest_route=\/wp\/v2\/pages\/281\/revisions\/370"}],"wp:attachment":[{"href":"https:\/\/wobroniezwierzat.pl\/index.php?rest_route=%2Fwp%2Fv2%2Fmedia&parent=281"}],"curies":[{"name":"wp","href":"https:\/\/api.w.org\/{rel}","templated":true}]}}