{"id":283,"date":"2018-01-12T07:50:11","date_gmt":"2018-01-12T07:50:11","guid":{"rendered":"http:\/\/demo.wenthemes.com\/surya-chandra-lite\/?page_id=12"},"modified":"2018-11-12T11:43:51","modified_gmt":"2018-11-12T10:43:51","slug":"services","status":"publish","type":"page","link":"https:\/\/wobroniezwierzat.pl\/?page_id=283","title":{"rendered":"Co robimy"},"content":{"rendered":"<div id=\"pl-283\"  class=\"panel-layout\" ><div id=\"pg-283-0\"  class=\"panel-grid panel-has-style\" ><div class=\"siteorigin-panels-stretch panel-row-style-full-width panel-row-style panel-row-style-for-283-0\" data-stretch-type=\"full\" ><div id=\"pgc-283-0-0\"  class=\"panel-grid-cell\" ><div id=\"panel-283-0-0-0\" class=\"so-panel widget widget_sow-headline panel-first-child\" data-index=\"0\" ><div class=\"so-widget-sow-headline so-widget-sow-headline-default-2a90dd6e8679-283\"><div class=\"sow-headline-container \">\n\t<h2 class='sow-headline'>Jak dzia\u0142amy<\/h2><p class='sow-sub-headline'>Zobacz w jaki spos\u00f3b realizujemy swoje dzia\u0142ania<\/p><\/div><\/div><\/div><div id=\"panel-283-0-0-1\" class=\"so-panel widget widget_sow-editor panel-last-child\" data-index=\"1\" ><div class=\"so-widget-sow-editor so-widget-sow-editor-base\">\n<div class=\"siteorigin-widget-tinymce textwidget\">\n\t<p>Fundacja realizuje swoje cele przez:<\/p>\n<ol>\n<li>wsp\u00f3\u0142prac\u0119 i wspieranie plac\u00f3wek i os\u00f3b fizycznych nios\u0105cych pomoc zwierz\u0119tom bezdomnym, skrzywdzonym i porzuconym (schronisk), znajdowanie zwierz\u0119tom nowych dom\u00f3w,<\/li>\n<li>dzia\u0142ania zmierzaj\u0105ce do ograniczenia populacji zwierz\u0105t niechcianych, szczeg\u00f3lnie realizowanie programu sterylizacji i kastracji;<\/li>\n<li>zbieranie \u015brodk\u00f3w finansowych i rzeczowych na potrzeby Fundacji;<\/li>\n<li>organizowanie akcji propagandowych i edukacyjnych s\u0142u\u017c\u0105cych budowaniu spo\u0142ecznej \u015bwiadomo\u015bci o prawach zwierz\u0105t, przyczynach bezdomno\u015bci, sposobach rozwi\u0105zywania tego problemu, korzy\u015bciach p\u0142yn\u0105cych z zabieg\u00f3w sterylizacji i kastracji;<\/li>\n<li>wsp\u00f3\u0142prac\u0119 z instytucjami pa\u0144stwowymi, samorz\u0105dowymi, organizacjami pozarz\u0105dowymi oraz osobami fizycznymi, kt\u00f3rych celem jest niesienie pomocy zwierz\u0119tom bezdomnym i skrzywdzonym, oraz innymi organizacjami, wsp\u00f3\u0142praca z kt\u00f3rymi mo\u017ce przyczyni\u0107 si\u0119 do realizacji cel\u00f3w statutowych Fundacji;<\/li>\n<li>zwalczanie przejaw\u00f3w zn\u0119cania si\u0119 nad zwierz\u0119tami, w szczeg\u00f3lno\u015bci poprzez podejmowanie interwencji w obronie praw zwierz\u0105t, sk\u0142adanie zawiadomie\u0144 o pope\u0142nionych przest\u0119pstwach, wyst\u0119powanie w s\u0105dach oraz przed innymi w\u0142adzami i organami w sprawach z zakresu ochrony praw zwierz\u0105t, wsp\u00f3\u0142dzia\u0142anie z w\u0142a\u015bciwymi organami i instytucjami w wykrywaniu i zwalczaniu przest\u0119pstw i wykrocze\u0144 wymierzonych w prawa zwierz\u0105t;<\/li>\n<li>prozwierz\u0119cy lobbing;<\/li>\n<li>wsp\u00f3\u0142prac\u0119 z policj\u0105 i stra\u017c\u0105 miejsk\u0105;<\/li>\n<li>inne dzia\u0142ania zmierzaj\u0105ce do realizacji statutowych cel\u00f3w Fundacji.<\/li>\n<\/ol>\n<\/div>\n<\/div><\/div><\/div><\/div><\/div><div id=\"pg-283-1\"  class=\"panel-grid panel-has-style\" ><div class=\"siteorigin-panels-stretch panel-row-style-full-width panel-row-style panel-row-style-for-283-1\" data-stretch-type=\"full\" ><div id=\"pgc-283-1-0\"  class=\"panel-grid-cell panel-grid-cell-empty\" ><\/div><\/div><\/div><\/div>","protected":false},"excerpt":{"rendered":"<p>Fundacja realizuje swoje cele przez: wsp\u00f3\u0142prac\u0119 i wspieranie plac\u00f3wek i os\u00f3b fizycznych nios\u0105cych pomoc zwierz\u0119tom bezdomnym, skrzywdzonym i porzuconym (schronisk), znajdowanie zwierz\u0119tom nowych dom\u00f3w, dzia\u0142ania zmierzaj\u0105ce do ograniczenia populacji zwierz\u0105t niechcianych, szczeg\u00f3lnie realizowanie programu sterylizacji i kastracji; zbieranie \u015brodk\u00f3w finansowych <a href=\"https:\/\/wobroniezwierzat.pl\/?page_id=283\" class=\"more-link\">Czytaj wi\u0119cej<\/a><\/p>\n","protected":false},"author":2,"featured_media":0,"parent":0,"menu_order":0,"comment_status":"closed","ping_status":"closed","template":"tpl-full-width.php","meta":[],"_links":{"self":[{"href":"https:\/\/wobroniezwierzat.pl\/index.php?rest_route=\/wp\/v2\/pages\/283"}],"collection":[{"href":"https:\/\/wobroniezwierzat.pl\/index.php?rest_route=\/wp\/v2\/pages"}],"about":[{"href":"https:\/\/wobroniezwierzat.pl\/index.php?rest_route=\/wp\/v2\/types\/page"}],"author":[{"embeddable":true,"href":"https:\/\/wobroniezwierzat.pl\/index.php?rest_route=\/wp\/v2\/users\/2"}],"replies":[{"embeddable":true,"href":"https:\/\/wobroniezwierzat.pl\/index.php?rest_route=%2Fwp%2Fv2%2Fcomments&post=283"}],"version-history":[{"count":7,"href":"https:\/\/wobroniezwierzat.pl\/index.php?rest_route=\/wp\/v2\/pages\/283\/revisions"}],"predecessor-version":[{"id":344,"href":"https:\/\/wobroniezwierzat.pl\/index.php?rest_route=\/wp\/v2\/pages\/283\/revisions\/344"}],"wp:attachment":[{"href":"https:\/\/wobroniezwierzat.pl\/index.php?rest_route=%2Fwp%2Fv2%2Fmedia&parent=283"}],"curies":[{"name":"wp","href":"https:\/\/api.w.org\/{rel}","templated":true}]}}