{"id":419,"date":"2019-01-05T14:43:08","date_gmt":"2019-01-05T13:43:08","guid":{"rendered":"http:\/\/wobroniezwierzat.pl\/?page_id=419"},"modified":"2019-01-07T11:35:57","modified_gmt":"2019-01-07T10:35:57","slug":"sprawozdanie-za-2018r","status":"publish","type":"page","link":"https:\/\/wobroniezwierzat.pl\/?page_id=419","title":{"rendered":"Sprawozdanie za 2018r."},"content":{"rendered":"<div id=\"pl-419\"  class=\"panel-layout\" ><div id=\"pg-419-0\"  class=\"panel-grid panel-has-style\" ><div class=\"siteorigin-panels-stretch panel-row-style-full-width panel-row-style panel-row-style-for-419-0\" data-stretch-type=\"full\" ><div id=\"pgc-419-0-0\"  class=\"panel-grid-cell\" ><div id=\"panel-419-0-0-0\" class=\"so-panel widget widget_sow-editor panel-first-child panel-last-child\" data-index=\"0\" ><div class=\"so-widget-sow-editor so-widget-sow-editor-base\">\n<div class=\"siteorigin-widget-tinymce textwidget\">\n\t<h2 style=\"text-align: center;\">Sprawozdanie za 2018 r<\/h2>\n<p>Fundacja nasza w 2018 roku skupi\u0142a si\u0119 g\u0142\u00f3wnie na ograniczeniu populacji zwierz\u0105t poprzez organizowanie sterylizacji i kastracji zwierz\u0105t. W wyniku wsp\u00f3\u0142pracy z Gmin\u0105 Tarnowo Podg\u00f3rne otrzymali\u015bmy zgod\u0119 na finansowanie sterylizacji i kastracji co pozwoli\u0142o nam na przeprowadzenie 5 akcji w ramach programu do walki z bezdomno\u015bci\u0105. W wyniku tego w 2018 roku poddano 230 szt zwierz\u0105t zabiegom sterylizacji i kastracji z czego gmina sfinansowa\u0142a 206 zabieg\u00f3w, a fundacja 27 szt.<br \/>\nW trakcie roku uczestniczyli\u015bmy w posiedzeniach Komisji Ochrony \u015arodowiska i Gospodarki przy Radzie Gminy.<br \/>\nPragniemy nadmieni\u0107, \u017ce Gmina op\u0142aca za zabiegi zwierz\u0105t, kt\u00f3rych w\u0142a\u015bciciele s\u0105 mieszka\u0144cami gminy. Zdarzaj\u0105 si\u0119 sytuacje, gdzie do nas zg\u0142aszaj\u0105 si\u0119 osoby spoza gminy, kt\u00f3rych nie sta\u0107 na samodzielne op\u0142acenie zabiegu. W\u00f3wczas w miar\u0119 posiadanych \u015brodk\u00f3w op\u0142aca zabieg fundacja.<\/p>\n<p>W dniu 22.09.2018 r. podczas akcji sterylizacji przeprowadzono pokaz udzielania pierwszej pomocy zwierz\u0119tom. Pokaz przeprowadzony by\u0142 przez Pani\u0105 instruktor posiadaj\u0105c\u0105 odpowiednie uprawnienia w tym kierunku.<br \/>\nW grudniu br. sfinansowali\u015bmy r\u00f3wnie\u017c leczenie i sterylizacj\u0119 suki Fridy, gdy\u017c w\u0142a\u015bcicieli nie by\u0142o sta\u0107 na zabieg. ( Uj\u0119to w tabelce )<\/p>\n<p>W dniu 21 lipca br. uczestniczyli\u015bmy w udzielaniu pomocy znalezionej suczce le\u017c\u0105cej przy drodze mi\u0119dzy Lus\u00f3wkiem a Lusowem w wyniku czego suczka zosta\u0142a odebrana przez pracownika schroniska Azorek. Z informacji uzyskanej w schronisku suczka posz\u0142a do adopcji po udzieleniu jej pomocy weterynaryjnej.<\/p>\n<p>Nadmieniam, \u017ce fundacja nie prowadzi\u0142a w 2018 roku \u017cadnych dzia\u0142a\u0144 interwencyjnych.<\/p>\n<p>Ponadto dwa razy byli\u015bmy w schronisku Azorek w Obornikach Wlkp. jednak kontroli jak\u0105 mieli\u015bmy w zamierzeniach nie przeprowadzono, gdy\u017c ze wzgl\u0119du na trwaj\u0105c\u0105 budow\u0119 nie wpuszczono nas na obiekt, gdzie przebywaj\u0105 zwierz\u0119ta t\u0142umacz\u0105c zakazem poruszania si\u0119 po i wok\u00f3\u0142 budowy.<br \/>\nW za\u0142\u0105czeniu tabela z wykazem zabieg\u00f3w<\/p>\n<p style=\"text-align: center;\"><span style=\"font-size: medium;\"><b>Wykaz zabieg\u00f3w sterylizacji i kastracji w Gminie Tarnowo Podg\u00f3rne <\/b><\/span><\/p>\n<p align=\"center\"><b>realizowanych przez Fundacj\u0119 w Obronie Zwierz\u0105t <\/b><\/p>\n<p align=\"center\"><b>P\u0142atnik Gmina Tarnowo Podg\u00f3rne<\/b><\/p>\n<p align=\"center\"><b>oraz Fundacja w Obronie Zwierz\u0105t<\/b><\/p>\n<p align=\"center\"><b>w 2018 roku<\/b><\/p>\n<table width=\"100%\" cellspacing=\"0\" cellpadding=\"4\">\n<colgroup>\n<col width=\"32*\" \/>\n<col width=\"37*\" \/>\n<col width=\"36*\" \/>\n<col width=\"36*\" \/>\n<col width=\"36*\" \/>\n<col width=\"80*\" \/> <\/colgroup>\n<tbody>\n<tr valign=\"top\">\n<td width=\"12%\">\n<p align=\"center\"><span style=\"font-size: xx-small;\">Data zabiegu<\/span><\/p>\n<\/td>\n<td width=\"14%\">\n<p align=\"center\">Suczki<\/p>\n<\/td>\n<td width=\"14%\">\n<p align=\"center\">Psy<\/p>\n<\/td>\n<td width=\"14%\">\n<p align=\"center\">Kotki<\/p>\n<\/td>\n<td width=\"14%\">\n<p align=\"center\">Kocury<\/p>\n<\/td>\n<td width=\"31%\">\n<p align=\"center\">UWAGI<\/p>\n<\/td>\n<\/tr>\n<tr valign=\"top\">\n<td width=\"12%\">\n<p align=\"center\">04.03.2018<\/p>\n<\/td>\n<td width=\"14%\">\n<p align=\"center\">9<\/p>\n<\/td>\n<td width=\"14%\">\n<p align=\"center\">2<\/p>\n<\/td>\n<td width=\"14%\">\n<p align=\"center\">25<\/p>\n<\/td>\n<td width=\"14%\">\n<p align=\"center\">16<\/p>\n<\/td>\n<td width=\"31%\">\n<p align=\"center\">Finansowane przez Gmin\u0119<\/p>\n<\/td>\n<\/tr>\n<tr valign=\"top\">\n<td width=\"12%\">\n<p align=\"center\">08.04.2018<\/p>\n<\/td>\n<td width=\"14%\">\n<p align=\"center\">2<\/p>\n<\/td>\n<td width=\"14%\">\n<p align=\"center\">1<\/p>\n<\/td>\n<td width=\"14%\">\n<p align=\"center\">14<\/p>\n<\/td>\n<td width=\"14%\">\n<p align=\"center\">9<\/p>\n<\/td>\n<td width=\"31%\">\n<p align=\"center\">Finansowane przez Gmin\u0119<\/p>\n<\/td>\n<\/tr>\n<tr valign=\"top\">\n<td width=\"12%\">\n<p align=\"center\">27.05.2018<\/p>\n<\/td>\n<td width=\"14%\">\n<p align=\"center\">7<\/p>\n<\/td>\n<td width=\"14%\">\n<p align=\"center\">4<\/p>\n<\/td>\n<td width=\"14%\">\n<p align=\"center\">2<\/p>\n<\/td>\n<td width=\"14%\">\n<p align=\"center\">4<\/p>\n<\/td>\n<td width=\"31%\">\n<p align=\"center\">Finansowane przez Gmin\u0119<\/p>\n<\/td>\n<\/tr>\n<tr valign=\"top\">\n<td width=\"12%\">\n<p align=\"center\">19.09.2018<\/p>\n<\/td>\n<td width=\"14%\">\n<p align=\"center\">7<\/p>\n<\/td>\n<td width=\"14%\">\n<p align=\"center\">6<\/p>\n<\/td>\n<td width=\"14%\">\n<p align=\"center\">25<\/p>\n<\/td>\n<td width=\"14%\">\n<p align=\"center\">18<\/p>\n<\/td>\n<td width=\"31%\">\n<p align=\"center\">Finansowane przez Gmin\u0119<\/p>\n<\/td>\n<\/tr>\n<tr valign=\"top\">\n<td width=\"12%\">\n<p align=\"center\">28.10.2018<\/p>\n<\/td>\n<td width=\"14%\">\n<p align=\"center\">5<\/p>\n<\/td>\n<td width=\"14%\">\n<p align=\"center\">12<\/p>\n<\/td>\n<td width=\"14%\">\n<p align=\"center\">19<\/p>\n<\/td>\n<td width=\"14%\">\n<p align=\"center\">16<\/p>\n<\/td>\n<td width=\"31%\">\n<p align=\"center\">Finansowane przez Gmin\u0119<\/p>\n<\/td>\n<\/tr>\n<tr valign=\"top\">\n<td width=\"12%\">\n<p align=\"center\">RAZEM<\/p>\n<\/td>\n<td width=\"14%\">\n<p align=\"center\"><b>30<\/b><\/p>\n<\/td>\n<td width=\"14%\">\n<p align=\"center\"><b>25<\/b><\/p>\n<\/td>\n<td width=\"14%\">\n<p align=\"center\"><b>85<\/b><\/p>\n<\/td>\n<td width=\"14%\">\n<p align=\"center\"><b>63<\/b><\/p>\n<\/td>\n<td width=\"31%\"><\/td>\n<\/tr>\n<tr valign=\"top\">\n<td width=\"12%\">\n<p align=\"center\">08.04.2018<\/p>\n<\/td>\n<td width=\"14%\">\n<p align=\"center\">4<\/p>\n<\/td>\n<td width=\"14%\">\n<p align=\"center\">3<\/p>\n<\/td>\n<td width=\"14%\">\n<p align=\"center\">2<\/p>\n<\/td>\n<td width=\"14%\">\n<p align=\"center\">1<\/p>\n<\/td>\n<td width=\"31%\">\n<p align=\"center\">Finansowane przez Fundacj\u0119<\/p>\n<\/td>\n<\/tr>\n<tr valign=\"top\">\n<td width=\"12%\">\n<p align=\"center\">27.05.2018<\/p>\n<\/td>\n<td width=\"14%\">\n<p align=\"center\">3<\/p>\n<\/td>\n<td width=\"14%\">\n<p align=\"center\">1<\/p>\n<\/td>\n<td width=\"14%\">\n<p align=\"center\">6<\/p>\n<\/td>\n<td width=\"14%\">\n<p align=\"center\">2<\/p>\n<\/td>\n<td width=\"31%\">\n<p align=\"center\">Finansowane przez Fundacj\u0119<\/p>\n<\/td>\n<\/tr>\n<tr valign=\"top\">\n<td width=\"12%\">\n<p align=\"center\">19.09.2018<\/p>\n<\/td>\n<td width=\"14%\">\n<p align=\"center\">1<\/p>\n<\/td>\n<td width=\"14%\">\n<p align=\"center\">-<\/p>\n<\/td>\n<td width=\"14%\">\n<p align=\"center\">3<\/p>\n<\/td>\n<td width=\"14%\">\n<p align=\"center\">-<\/p>\n<\/td>\n<td width=\"31%\">\n<p align=\"center\">Finansowane przez Fundacj\u0119<\/p>\n<\/td>\n<\/tr>\n<tr valign=\"top\">\n<td width=\"12%\">\n<p align=\"center\">Razem<\/p>\n<\/td>\n<td width=\"14%\">\n<p align=\"center\"><b>8 +1<\/b><\/p>\n<\/td>\n<td width=\"14%\">\n<p align=\"center\"><b>4<\/b><\/p>\n<\/td>\n<td width=\"14%\">\n<p align=\"center\"><b>11<\/b><\/p>\n<\/td>\n<td width=\"14%\">\n<p align=\"center\"><b>3<\/b><\/p>\n<\/td>\n<td width=\"31%\"><\/td>\n<\/tr>\n<tr valign=\"top\">\n<td width=\"12%\">\n<p align=\"center\">\u0141\u0105cznie wysterylizowano<\/p>\n<\/td>\n<td width=\"14%\">\n<p align=\"center\"><span style=\"font-size: medium;\"><i><b>39<\/b><\/i><\/span><\/p>\n<\/td>\n<td width=\"14%\">\n<p align=\"center\"><span style=\"font-size: medium;\"><i><b>29<\/b><\/i><\/span><\/p>\n<\/td>\n<td width=\"14%\">\n<p align=\"center\"><span style=\"font-size: medium;\"><i><b>96<\/b><\/i><\/span><\/p>\n<\/td>\n<td width=\"14%\">\n<p align=\"center\"><span style=\"font-size: medium;\"><i><b>66<\/b><\/i><\/span><\/p>\n<\/td>\n<td width=\"31%\"><\/td>\n<\/tr>\n<\/tbody>\n<\/table>\n<\/div>\n<\/div><\/div><\/div><\/div><\/div><\/div>","protected":false},"excerpt":{"rendered":"<p>Sprawozdanie za 2018 r Fundacja nasza w 2018 roku skupi\u0142a si\u0119 g\u0142\u00f3wnie na ograniczeniu populacji zwierz\u0105t poprzez organizowanie sterylizacji i kastracji zwierz\u0105t. W wyniku wsp\u00f3\u0142pracy z Gmin\u0105 Tarnowo Podg\u00f3rne otrzymali\u015bmy zgod\u0119 na finansowanie sterylizacji i kastracji co pozwoli\u0142o nam na <a href=\"https:\/\/wobroniezwierzat.pl\/?page_id=419\" class=\"more-link\">Czytaj wi\u0119cej<\/a><\/p>\n","protected":false},"author":2,"featured_media":0,"parent":281,"menu_order":0,"comment_status":"closed","ping_status":"closed","template":"tpl-full-width.php","meta":[],"_links":{"self":[{"href":"https:\/\/wobroniezwierzat.pl\/index.php?rest_route=\/wp\/v2\/pages\/419"}],"collection":[{"href":"https:\/\/wobroniezwierzat.pl\/index.php?rest_route=\/wp\/v2\/pages"}],"about":[{"href":"https:\/\/wobroniezwierzat.pl\/index.php?rest_route=\/wp\/v2\/types\/page"}],"author":[{"embeddable":true,"href":"https:\/\/wobroniezwierzat.pl\/index.php?rest_route=\/wp\/v2\/users\/2"}],"replies":[{"embeddable":true,"href":"https:\/\/wobroniezwierzat.pl\/index.php?rest_route=%2Fwp%2Fv2%2Fcomments&post=419"}],"version-history":[{"count":3,"href":"https:\/\/wobroniezwierzat.pl\/index.php?rest_route=\/wp\/v2\/pages\/419\/revisions"}],"predecessor-version":[{"id":426,"href":"https:\/\/wobroniezwierzat.pl\/index.php?rest_route=\/wp\/v2\/pages\/419\/revisions\/426"}],"up":[{"embeddable":true,"href":"https:\/\/wobroniezwierzat.pl\/index.php?rest_route=\/wp\/v2\/pages\/281"}],"wp:attachment":[{"href":"https:\/\/wobroniezwierzat.pl\/index.php?rest_route=%2Fwp%2Fv2%2Fmedia&parent=419"}],"curies":[{"name":"wp","href":"https:\/\/api.w.org\/{rel}","templated":true}]}}